{"id":222,"date":"2009-02-16T20:23:05","date_gmt":"2009-02-17T03:23:05","guid":{"rendered":"http:\/\/patrologialatinagraecaetorientalis.wordpress.com\/?page_id=222"},"modified":"2013-01-06T21:08:08","modified_gmt":"2013-01-07T04:08:08","slug":"amici","status":"publish","type":"page","link":"http:\/\/plgo.org\/?page_id=222","title":{"rendered":"Amici."},"content":{"rendered":"<h6><span style=\"color:#993366;\">Amici nostri.<\/span><\/h6>\n<h6><span style=\"color:#993366;\">Nuestros amigos.<\/span><\/h6>\n<h6><span style=\"color:#993366;\">Our friends.<\/span><\/h6>\n<ul style=\"font-family:verdana;\">\n<li><span style=\"font-size:85%;\"><a href=\"http:\/\/analecta-classica.blogspot.com\/\">Analecta classica<\/a>. Viitorul apartine trecutului.<\/span><\/li>\n<li><span style=\"font-size:85%;\"><a href=\"http:\/\/mariuscruceru.ro\/\">Marius Cruceru<\/a> \u2026f\u0103r\u0103 cravat\u0103<\/span><\/li>\n<li><span style=\"font-size:85%;\"><a href=\"http:\/\/sintesis.blogspot.com\/\">Recursos Teol\u00f3gicos<\/a>. Temas actuales de Teolog\u00eda, noticias, desarrollo&#8230;<\/span><\/li>\n<li><span style=\"font-size:85%;\"><a href=\"http:\/\/lanternativa.info\/\">Lanternativa<\/a><\/span><\/li>\n<li><span style=\"font-size:85%;\"><a href=\"http:\/\/laurentiudumitru.ro\/blog\/\">blogul lui laurentiu dumitru<\/a> \u2026lipe\u015fte-\u0163i urechea de inima ta \u015fi auzi-L pe El, care te caut\u0103 \u015fi bate la u\u015fa ei\u2026<\/span><\/li>\n<li><span style=\"font-size:85%;\"><a href=\"http:\/\/bastrix.wordpress.com\/\">Teologie pentru azi<\/a>. Un blog crestin-ortodox pentru o lume postmoderna dinamica si bulversanta.<\/span><\/li>\n<li><span style=\"font-size:85%;\"><a title=\"ETANA\" href=\"http:\/\/www.etana.org\/\" target=\"_blank\">ETANA<\/a>. Electronic Tools and Ancient Near Eastern Archives. <\/span><\/li>\n<li><span style=\"font-size:85%;\"><a title=\"ABZU\" href=\"http:\/\/www.etana.org\/abzu\/\" target=\"_blank\">ABZU<\/a>. Abzu is a guide to networked open access data relevant to the study and public presentation of the Ancient Near East and the Ancient Mediterranean world.<\/span><\/li>\n<li><span style=\"font-size:85%;\">Chipul nemuritor al lui Dumnezeu. <a title=\"Chipul nemuritor al lui Dumnezeu.\" href=\"http:\/\/prgabriel.wordpress.com\" target=\"_blank\">Blogul<\/a> Pr. Gabriel.<\/span><\/li>\n<li><span style=\"font-size:85%;\"><a title=\"Namatian.\" href=\"http:\/\/namatian.de\/\" target=\"_blank\">Namatian<\/a>. The Transition to Late Antiquity.<\/span><\/li>\n<li><span style=\"font-size:85%;\"><a title=\"Dranik\" href=\"http:\/\/dranik.wordpress.com\" target=\"_blank\">Dranik<\/a>. Pe cale&#8230;<\/span><\/li>\n<li><span style=\"font-size:85%;\">Fran Decker. Warner Memorial Library. <a title=\"Fran Decker. Warner Memorial Library.\" href=\"http:\/\/libguides.eastern.edu\/content.php?pid=24056\" target=\"_blank\">Church History<\/a>. This is one of several guides to support the Christian Studies, Mission &amp; Anthropology, and Youth Ministry Departments.<\/span><\/li>\n<li><span style=\"font-size:85%;\">Adrian Murdoch. <a title=\"Adrian Murdoch.\" href=\"http:\/\/adrianmurdoch.typepad.com\/\" target=\"_blank\">Bread and Circuses<\/a>. Adventures in the later Roman Empire.<\/span><\/li>\n<\/ul>\n","protected":false},"excerpt":{"rendered":"Amici nostri. Nuestros amigos. Our friends. Analecta classica. Viitorul apartine trecutului. Marius Cruceru \u2026f\u0103r\u0103 cravat\u0103 Recursos Teol\u00f3gicos. Temas actuales de Teolog\u00eda, noticias, desarrollo&#8230; Lanternativa blogul lui laurentiu dumitru \u2026lipe\u015fte-\u0163i urechea de inima ta \u015fi auzi-L pe El, care te caut\u0103 \u015fi bate la u\u015fa ei\u2026 Teologie pentru azi. Un blog&hellip;\n","protected":false},"author":1,"featured_media":0,"parent":219,"menu_order":1,"comment_status":"closed","ping_status":"closed","template":"","meta":{"footnotes":""},"class_list":["post-222","page","type-page","status-publish","hentry"],"_links":{"self":[{"href":"http:\/\/plgo.org\/index.php?rest_route=\/wp\/v2\/pages\/222","targetHints":{"allow":["GET"]}}],"collection":[{"href":"http:\/\/plgo.org\/index.php?rest_route=\/wp\/v2\/pages"}],"about":[{"href":"http:\/\/plgo.org\/index.php?rest_route=\/wp\/v2\/types\/page"}],"author":[{"embeddable":true,"href":"http:\/\/plgo.org\/index.php?rest_route=\/wp\/v2\/users\/1"}],"replies":[{"embeddable":true,"href":"http:\/\/plgo.org\/index.php?rest_route=%2Fwp%2Fv2%2Fcomments&post=222"}],"version-history":[{"count":7,"href":"http:\/\/plgo.org\/index.php?rest_route=\/wp\/v2\/pages\/222\/revisions"}],"predecessor-version":[{"id":2348,"href":"http:\/\/plgo.org\/index.php?rest_route=\/wp\/v2\/pages\/222\/revisions\/2348"}],"up":[{"embeddable":true,"href":"http:\/\/plgo.org\/index.php?rest_route=\/wp\/v2\/pages\/219"}],"wp:attachment":[{"href":"http:\/\/plgo.org\/index.php?rest_route=%2Fwp%2Fv2%2Fmedia&parent=222"}],"curies":[{"name":"wp","href":"https:\/\/api.w.org\/{rel}","templated":true}]}}