{"id":618,"date":"2009-08-29T08:48:59","date_gmt":"2009-08-29T15:48:59","guid":{"rendered":"http:\/\/plgo.info\/?page_id=618"},"modified":"2012-10-16T21:52:58","modified_gmt":"2012-10-17T04:52:58","slug":"patrologia-observaciones-y-notas","status":"publish","type":"page","link":"http:\/\/plgo.org\/?page_id=618","title":{"rendered":"Patrologia"},"content":{"rendered":"<p style=\"text-align: justify;\"><strong>La Patrolog\u00eda vive en estos momentos una de sus mejores \u00e9pocas<\/strong>, atravesando un florecimiento innegable y acrecentando su campo de acci\u00f3n mediante el uso constante de medios electr\u00f3nicos.<\/p>\n<p style=\"text-align: justify;\"><strong>Los grandes Corpus est\u00e1n siendo vertidos en modern\u00edsimas bases de datos<\/strong>, que ofrecen posibilidades mucho m\u00e1s amplias y detalladas que las brindadas por los \u00edndices tradicionales; y cuando no existen a\u00fan bases de datos sobre los textos mismos se tiene a mano la edici\u00f3n en formatos gr\u00e1ficos, que permiten poseer en algunos cuantos discos \u00f3pticos el contenido \u00edntegro de una serie completa, permitiendo adem\u00e1s llevarlo de un lado a otro y consultarlo cuando se desee, sin ninguna p\u00e9rdida de tiempo.<\/p>\n<p style=\"text-align: justify;\"><strong>La cuesti\u00f3n de los derechos de autor ya vencidos que ostentan varios de los grandes Corpus ayuda<\/strong>, y mucho, a que haya comenzado con una lucha callada, enfrentamiento del cual los estudiosos, historiadores e investigadores, resultan m\u00e1s beneficiados. Tenemos as\u00ed por ejemplo a la casa Reltech que trabaja actualmente sobre una versi\u00f3n gr\u00e1fica de la Patrolog\u00eda Latina, igual que lo hiciese recientemente sobre la Patrolog\u00eda Griega, y ha anunciado que en est\u00e1 trabajando en una base de datos, presumiblemente semejante a la provista por la casa <strong>Chadwyck-Healey<\/strong>.<\/p>\n<p style=\"text-align: justify;\">Esta \u00faltima organiz\u00f3 de manera sistem\u00e1tica el contenido completo de la Patrolog\u00eda Latina de Migne, en su primera edici\u00f3n, y la verti\u00f3 en una serie de bases de datos consultables mediante el software provisto, que permite imprimir incluso referencias cruzadas, con todos los resultados localizados sobre una b\u00fasqueda cualquiera.<\/p>\n<p style=\"text-align: justify;\"><strong>Logos y Libronix<\/strong>, ofrece los primeros 18 vol\u00famenes de la Patrolog\u00eda Griega en forma de bases de datos, adem\u00e1s de la edici\u00f3n en papel, impresa del modo tradicional.<\/p>\n<p style=\"text-align: justify;\">Grandes bibliotecas -y diferentes institutos patrocinadores de diferentes proyectos de digitalizaci\u00f3n alrededor del mundo- est\u00e1n trabajando sobre ediciones originales, o las primeras impresiones de otros Corpus, tal es el caso de la Patrolog\u00eda Orientalis, que puede constultarse en forma de vol\u00famenes completos en <strong>Internet Archive<\/strong> -ediciones que conservan incluso los perfiles de color- y en forma de fasc\u00edculos individuales en <strong>Gallica<\/strong>, el projecto de digitalizaci\u00f3n perteneciente a la <strong>Biblioth\u00e8que Nationale de France<\/strong>.<\/p>\n<p style=\"text-align: justify;\"><strong>Googlebooks<\/strong>, otro gran proyecto que presumiblemente tiene no una, sino incluso varias copias de las Patrolog\u00edas Latina y Griega de Migne, ofrece contenidos a discreci\u00f3n, haciendo uso de filtros que impiden su consulta a ciertos pa\u00edses que pudieran tener problemas con los plazos de copyright. Y aunque es com\u00fan escuchar la cr\u00edtica sobre la p\u00e9sima digitalizaci\u00f3n de alg\u00fanos vol\u00famenes, ofrece, sin embargo, un acceso r\u00e1pido a sus contenidos.<\/p>\n<p style=\"text-align: justify;\">Otros formatos que han crecido en forma notable es el de las publiaciones peri\u00f3dicas, en forma de revistas, monogr\u00e1ficos, y simposiums, cuyas actas y diferentes exposiciones son ofrecidas al gran p\u00fablico en forma de texto impreso o por medios electr\u00f3nicos, mediante abono o suscripci\u00f3n, o venta individual. As\u00ed, los <strong>Studia Patristica<\/strong> gozan de un prestigio acad\u00e9mico indudable, sobresaliendo en el variado horizonte de las publicaciones acad\u00e9micas sobre el tema.<\/p>\n<p style=\"text-align: justify;\">Los sitios web que tocan de frente o siquiera tangencialmente temas de Patrolog\u00eda tambi\u00e9n son m\u00e1s comunes, los hay dedicados exclusivamente al estudio de un Padre o t\u00f3pico en especial, otros hay que son auspiciados por organizaciones con miras mucho m\u00e1s amplias, y un campo m\u00e1s extenso de acci\u00f3n.<\/p>\n<p style=\"text-align: justify;\">Es as\u00ed que en <strong>este sitio se busca facilitar el acceso a la informaci\u00f3n contenida en distintos lugares<\/strong>, sin reducirse tan s\u00f3lo a los medios acad\u00e9micos, impresos, electronicos, o a la investigaci\u00f3n personal de alg\u00fan o algunos autores: sin exclu\u00edr ninguna de estas formas, tampoco busca la especializaci\u00f3n y distribuci\u00f3n por un solo canal en detrimento de los dem\u00e1s.<\/p>\n<p style=\"text-align: justify;\">Se pretende, claro est\u00e1, hablar y promocionar materiales que sean hoy por hoy, del dominio p\u00fablico. Cuando se trata de obras con derechos de copyright vigentes se orientar\u00e1 respecto a su ubicaci\u00f3n dejando en claro que se respeta el copyright de cualquier autor y\/o editor, mas resaltando tambi\u00e9n que se respeta el derecho de los visitantes a consultar lo que puede encontrarse libremente en la red de redes, sin lucrar con ello. Por tanto, en el servidor del sitio mismo se encontrar\u00e1n contenidos m\u00ednimos que ofrezcan descarga directa, eso por dos razones: la primera de orden pr\u00e1ctico y que se relaciona directamente con el ancho de banda de nuestro proveedor de host, y la segunda para dar a los sitios que resguardan dichos contenidos, todo el cr\u00e9dito que se merecen.<\/p>\n<p style=\"text-align: justify;\">Cualquier informaci\u00f3n, solicitud, aclaraci\u00f3n, consulta o duda, puede hacerse contactando a <a href=\"mailto:info@plgo.info\">nuestra direcci\u00f3n de correo<\/a>.<\/p>\n<p style=\"text-align: justify;\">\n<p style=\"text-align: right;\"><strong><em>Deseamos que su visita a este sitio le resulte provechosa.<\/em><\/strong><\/p>\n<p style=\"text-align: right;\"><strong>Los moderadores.<br \/>\n01 Septiembre 2009.<\/strong><\/p>\n","protected":false},"excerpt":{"rendered":"La Patrolog\u00eda vive en estos momentos una de sus mejores \u00e9pocas, atravesando un florecimiento innegable y acrecentando su campo de acci\u00f3n mediante el uso constante de medios electr\u00f3nicos. Los grandes Corpus est\u00e1n siendo vertidos en modern\u00edsimas bases de datos, que ofrecen posibilidades mucho m\u00e1s amplias y detalladas que las brindadas&hellip;\n","protected":false},"author":1,"featured_media":0,"parent":0,"menu_order":1,"comment_status":"closed","ping_status":"closed","template":"","meta":{"footnotes":""},"class_list":["post-618","page","type-page","status-publish","hentry"],"_links":{"self":[{"href":"http:\/\/plgo.org\/index.php?rest_route=\/wp\/v2\/pages\/618","targetHints":{"allow":["GET"]}}],"collection":[{"href":"http:\/\/plgo.org\/index.php?rest_route=\/wp\/v2\/pages"}],"about":[{"href":"http:\/\/plgo.org\/index.php?rest_route=\/wp\/v2\/types\/page"}],"author":[{"embeddable":true,"href":"http:\/\/plgo.org\/index.php?rest_route=\/wp\/v2\/users\/1"}],"replies":[{"embeddable":true,"href":"http:\/\/plgo.org\/index.php?rest_route=%2Fwp%2Fv2%2Fcomments&post=618"}],"version-history":[{"count":16,"href":"http:\/\/plgo.org\/index.php?rest_route=\/wp\/v2\/pages\/618\/revisions"}],"predecessor-version":[{"id":2292,"href":"http:\/\/plgo.org\/index.php?rest_route=\/wp\/v2\/pages\/618\/revisions\/2292"}],"wp:attachment":[{"href":"http:\/\/plgo.org\/index.php?rest_route=%2Fwp%2Fv2%2Fmedia&parent=618"}],"curies":[{"name":"wp","href":"https:\/\/api.w.org\/{rel}","templated":true}]}}