{"id":640,"date":"2009-08-31T11:17:11","date_gmt":"2009-08-31T18:17:11","guid":{"rendered":"http:\/\/plgo.info\/?page_id=640"},"modified":"2011-09-07T22:47:25","modified_gmt":"2011-09-08T05:47:25","slug":"rene-graffin","status":"publish","type":"page","link":"http:\/\/plgo.org\/?page_id=640","title":{"rendered":"Ren\u00e9 Graffin."},"content":{"rendered":"<p style=\"text-align: justify;\"><strong>Monseigneur Ren\u00e9 Graffin <\/strong>est n\u00e9 en Sarthe en 1858 \u00e0 Pontvallain dans la Sarthe en France. Il fait ses \u00e9tudes au S\u00e9minaire romain o\u00f9 il obtient le Doctorat en philosophie et th\u00e9ologie. Il est ordonn\u00e9 pr\u00eatre \u00e0 Rome en 1884. Dipl\u00f4m\u00e9 de langues orientales \u00e0 Innsbruck (1886). A l&#8217;Institut Catholiques, il est charg\u00e9 de cours de syriaque en 1886, puis d&#8217;h\u00e9breu en 1893, jusqu&#8217;en 1909. De 1926 \u00e0 1939, il est pr\u00e9sident de la section des Langues orientales chr\u00e9tiennes. Il s&#8217;\u00e9teint \u00e0 Sainte Radegonde en Touraine le 3 janvier 1941.<\/p>\n<p style=\"text-align: justify;\">Monseigneur Graffin avait fond\u00e9 en 1896 la Revue de l&#8217;Orient Chr\u00e9tien. qui fut la premi\u00e8re des revues consacr\u00e9es \u00e0 l&#8217;\u00e9tude de ce domaine encore peu explor\u00e9 \u00e0 l&#8217;\u00e9poque. La revue va para\u00eetre r\u00e9guli\u00e8rement jusqu&#8217;en 1934, \u00e0 raison d&#8217;un tome tous les deux ans. La revue de l&#8217;Orient chr\u00e9tien cesse de para\u00eetre en 1946, la mort du directeur s&#8217;\u00e9tant produite en 1941. C&#8217;est son neveu Franc\u00e7ois Graffin qui assurera la prolongation en publiant un tome couvrant les dix ann\u00e9es d&#8217;interruption due \u00e0 la guerre. La rel\u00e8ve est prise par la &#8220;Revue de l&#8217;Orient syrien&#8221;, fond\u00e9 en 1956 par Mgr. Gabriel Khoury-Sarkis.<\/p>\n<p style=\"text-align: justify;\">Il est le p\u00e8re de la Patrologie syriaque et quelque peu celui de la Patrologie Orientale que son neveu Franc\u00e7ois Graffin a repris et \u00e9tendue.<\/p>\n<p style=\"text-align: justify;\">La Patrologie Orientale fut \u00e9dit\u00e9e gr\u00e2ce aux resources personnelles du P\u00e8re Ren\u00e9 Graffin et aussi gr\u00e2ce \u00e0 des subventions r\u00e9guli\u00e8re du CNRS en France. Gr\u00e2ce \u00e0 cela elle est rest\u00e9e une publication fran\u00e7aise. Il fut longtemps imprim\u00e9e chez Firmin-Didot avant de passer, comme le CSCO fond\u00e9 par l&#8217;Abb\u00e9 Chabot, sous les presses de l&#8217;Imprimerie Orientaliste \u00e0 Louvain. C&#8217;est en 1897 que Mgr. Ren\u00e9 Graffin pr\u00e9sente son projet au Congr\u00e8s des Orientalistes, r\u00e9unis \u00e0 Paris.<\/p>\n<p style=\"text-align: justify;\">Mgr. Ren\u00e9 Graffin r\u00e9glait tous les d\u00e9tails da la fabrication de la Patrologie syriaque puisqu&#8217;il pr\u00e9parait les caract\u00e8res, leur fonte, la composition mat\u00e9rielle, jusqu&#8217;\u00e0 la correction des textes et l&#8217;apparition des volumes.<\/p>\n<p style=\"text-align: justify;\">Monseigneur Ren\u00e9 Graffin s&#8217;est \u00e9teint en 1941.<\/p>\n<p style=\"text-align: justify;\">\n<p><strong><\/p>\n<p style=\"text-align: right;\">Fuente: <a href=\"http:\/\/www.wikisyr.com\/pmwiki.php?n=Menu.ReneGraffin\">Wikisyr<\/a>.<\/p>\n<p><\/strong><\/p>\n","protected":false},"excerpt":{"rendered":"Monseigneur Ren\u00e9 Graffin est n\u00e9 en Sarthe en 1858 \u00e0 Pontvallain dans la Sarthe en France. Il fait ses \u00e9tudes au S\u00e9minaire romain o\u00f9 il obtient le Doctorat en philosophie et th\u00e9ologie. Il est ordonn\u00e9 pr\u00eatre \u00e0 Rome en 1884. Dipl\u00f4m\u00e9 de langues orientales \u00e0 Innsbruck (1886). A l&#8217;Institut Catholiques,&hellip;\n","protected":false},"author":1,"featured_media":0,"parent":618,"menu_order":3,"comment_status":"closed","ping_status":"open","template":"","meta":{"footnotes":""},"class_list":["post-640","page","type-page","status-publish","hentry"],"_links":{"self":[{"href":"http:\/\/plgo.org\/index.php?rest_route=\/wp\/v2\/pages\/640","targetHints":{"allow":["GET"]}}],"collection":[{"href":"http:\/\/plgo.org\/index.php?rest_route=\/wp\/v2\/pages"}],"about":[{"href":"http:\/\/plgo.org\/index.php?rest_route=\/wp\/v2\/types\/page"}],"author":[{"embeddable":true,"href":"http:\/\/plgo.org\/index.php?rest_route=\/wp\/v2\/users\/1"}],"replies":[{"embeddable":true,"href":"http:\/\/plgo.org\/index.php?rest_route=%2Fwp%2Fv2%2Fcomments&post=640"}],"version-history":[{"count":6,"href":"http:\/\/plgo.org\/index.php?rest_route=\/wp\/v2\/pages\/640\/revisions"}],"predecessor-version":[{"id":1835,"href":"http:\/\/plgo.org\/index.php?rest_route=\/wp\/v2\/pages\/640\/revisions\/1835"}],"up":[{"embeddable":true,"href":"http:\/\/plgo.org\/index.php?rest_route=\/wp\/v2\/pages\/618"}],"wp:attachment":[{"href":"http:\/\/plgo.org\/index.php?rest_route=%2Fwp%2Fv2%2Fmedia&parent=640"}],"curies":[{"name":"wp","href":"https:\/\/api.w.org\/{rel}","templated":true}]}}