{"id":642,"date":"2009-08-31T11:17:43","date_gmt":"2009-08-31T18:17:43","guid":{"rendered":"http:\/\/plgo.info\/?page_id=642"},"modified":"2014-01-01T15:11:50","modified_gmt":"2014-01-01T22:11:50","slug":"francois-nau","status":"publish","type":"page","link":"http:\/\/plgo.org\/?page_id=642","title":{"rendered":"Fran\u00e7ois Nau."},"content":{"rendered":"<p style=\"text-align: justify;\"><strong>L&#8217;abb\u00e9 Fran\u00e7ois-Nicolas Nau,<\/strong> n\u00e9 le 13 mai 1864 \u00e0 Thil (Moselle) et mort le 2 septembre 1931 \u00e0 Paris, a fait ses \u00e9tudes secondaires au petit s\u00e9minaire de Notre-Dame-des-Champs, de 1879 \u00e0 1882, et ses \u00e9tudes th\u00e9ologiques au grand s\u00e9minaire de Saint-Sulpice, de 1882 \u00e0 1887; il obtint les deux baccalaur\u00e9ats en th\u00e9ologie et en droit canonique en juin 1887 et fut ordonn\u00e9 pr\u00eatre le 17 d\u00e9cembre 1887.<br \/>\nD\u00e9j\u00e0 bachelier \u00e8s lettres (pour la premi\u00e8re partie le 1er. ao\u00fbt 1882 et pour la seconde partie le 16 juillet 1883) et bachelier \u00e8s sciences (le 4 mai 1886), l&#8217;abb\u00e9 F. Nau se donna \u00e0 l&#8217;\u00e9tude des sciences, \u00e0 l&#8217;Institut catholique de Paris, de 1887 \u00e0 1894; il obtint successivement en Sorbonne la licence \u00e8s sciences math\u00e9matiques le 27 juillet 1889 et la licence \u00e8s sciences physiques le 30 juillet 1890 et fut re\u00e7u docteur \u00e8s sciences math\u00e9matiques le 24 novembre 1897, en soutenant une th\u00e8se sur la formation et l&#8217;extinction du clapotis. Toute sa vie fut consacr\u00e9e, comme professeur, \u00e0 l&#8217;Institut catholique de Paris, o\u00f9 il fut d&#8217;abord ma\u00eetre de conf\u00e9rences pour les math\u00e9matiques sp\u00e9ciales et l&#8217;astronomie de 1890 \u00e0 1894 et ensuite professeur de math\u00e9matiques g\u00e9n\u00e9rales de 1894 \u00e0 1931 et finalement devint doyen de l&#8217;\u00c9cole des Sciences en 1928. En plus des cours habituels qu&#8217;il devait faire \u00e0 l&#8217;Institut catholique de Paris, l&#8217;abb\u00e9 F. Nau a assum\u00e9 le cours pr\u00e9paratoire \u00e0 l&#8217;Ecole navale, d&#8217;une part, \u00e0 l&#8217;\u00e9cole Sainte-Genevi\u00e8ve \u00e0 Versailles de 1914 \u00e0 1920 et, d&#8217;autre part, au coll\u00e8ge Stanislas \u00e0 Paris de 1921 \u00e0 1924.<br \/>\nLes \u00e9tudes scientifiques firent elles-m\u00eames du math\u00e9maticien un orientaliste et tout particuli\u00e8rement un syriacisant. Pour dissiper les maux de t\u00eate que lui causait l&#8217;application constante de l&#8217;esprit au travail des sciences, l&#8217;abb\u00e9 F. Nau suivit, \u00e0 l&#8217;Institut catholique de Paris, le cours de syriaque de M. l&#8217;abb\u00e9 Graffin et y obtint le prix du concours en juin 1889, en traduisant un passage de l&#8217;histoire de Rabban Sauma, envoy\u00e9 au roi de France par le roi des Mongols Argoun en 1286. C&#8217;est \u00e0 la suite de ce succ\u00e8s que l&#8217;attention du jeune syriacisant fut attir\u00e9e sur ce fait qu&#8217;une astronomie \u00e9crite en langue syriaque attendait depuis plusieurs centaines d&#8217;ann\u00e9es un \u00e9diteur et un traducteur. Puis, \u00e0 l&#8217;\u00c9cole Pratique des Hautes \u00c9tudes, l&#8217;abb\u00e9 F. Nau fr\u00e9quenta, de 1892 \u00e0 1895, le cours d&#8217;Auguste Carri\u00e8re, r\u00e9p\u00e9titeur pour les langues h\u00e9bra\u00efque, chalda\u00efque et syriaque, et devint \u00e9l\u00e8ve diplom\u00e9 de l&#8217;\u00c9cole des Hautes \u00c9tudes (section d&#8217;histoire et de philologie), en pr\u00e9sentant comme th\u00e8se, qui fut l&#8217;objet d&#8217;un rapport favorable le 26 mai 1895, le texte syriaque et la traduction fran\u00e7aise du cours d&#8217;astronomie r\u00e9dig\u00e9 en 1279 par Gr\u00e9goire Aboulfarag, dit Bar Hebraeus, et intitul\u00e9 Livre de l&#8217;ascension de l&#8217;esprit sur la forme du ciel et de la terre; l&#8217;ouvrage porte cette d\u00e9dicace de l&#8217;auteur: &#8220;\u00c0 mes ma\u00eetres: M. Carri\u00e8re, directeur d&#8217;\u00e9tudes \u00e0 l&#8217;\u00c9cole des Hautes \u00c9tudes, et Mgr. Graffin, professeur \u00e0 l&#8217;Institut catholique de Paris&#8221; et forme le 121o fascicule de la Biblioth\u00e8que de l&#8217;\u00c9cole des Hautes \u00c9tudes; il fut imprim\u00e9 de 1895 \u00e0 1899 \u00e0 l&#8217;aide des caract\u00e8res syriaques que Mgr. Graffin faisait alors graver et fondre pour ses Patrologies. Enfin, \u00e0 partir de 1894, l&#8217;abb\u00e9 F. Nau fut un fid\u00e8le auditeur de Rubens Duval, lorsque fut fond\u00e9e, en faveur de celui-ci, la chaire d&#8217;aram\u00e9en et de syriaque du Coll\u00e8ge de France.<br \/>\nC&#8217;est \u00e0 la s\u00e9ance du 13 mars 1896 que l&#8217;abb\u00e9 F. Nau, pr\u00e9sent\u00e9 par MM. Rubens Duval et Graffin, fut re\u00e7u membre de la Soci\u00e9t\u00e9 Asiatique de Paris. Il fut \u00e9lu membre du Conseil, en remplacement de Philippe Berger, provisoirement \u00e0 la s\u00e9ance du 10 mai 1912 et d\u00e9finitivement \u00e0 la s\u00e9ance suivante du 13 juin 1912. Il assista souvent aux s\u00e9ances de la Soci\u00e9t\u00e9, pour y faire des communications sur des sujets qu&#8217;il d\u00e9veloppait ensuite dans le Journal Asiatique ou pour y pr\u00e9senter ses propres ouvrages ou ceux de ses amis, ainsi que les tirages \u00e0 part de ses nombreux articles parus dans le diff\u00e9rentes revues qui firent toujours bon accueil \u00e0 ses travaux.<br \/>\nL&#8217;activit\u00e9 de l&#8217;abb\u00e9 F. Nau dans le domaine de l&#8217;orientalisme s&#8217;est affirm\u00e9e depuis 1895 jusqu&#8217;\u00e0 1931 et elle n&#8217;a subi qu&#8217;un temps d&#8217;arr\u00eat de quelques ann\u00e9es, de 1919 \u00e0 1924, pendant la p\u00e9riode difficile qui a suivi la guerre. La bibliographie qui suit et qui \u00e9num\u00e8re selon l&#8217;ordre chronologique tout ce qu&#8217;a produit le math\u00e9maticien ou l&#8217;orientaliste montre que cette activit\u00e9 s&#8217;est d\u00e9velopp\u00e9e d&#8217;une mani\u00e8re vraiment prodigieuse et qu&#8217;elle s&#8217;est \u00e9tendue \u00e0 tous les chapitres de la litt\u00e9rature syriaque et des autres litt\u00e9ratures orientales qui s&#8217;y rapportent, \u00e0 savoir aux livres apocryphes, au droit canonique, \u00e0 l&#8217;histoire g\u00e9n\u00e9rale, \u00e0 l&#8217;hagiographie, \u00e0 la cosmographie, etc. Pour compl\u00e9ter cette liste bibliographique il faut ajouter que l&#8217;abb\u00e9 F. Nau a collabor\u00e9 de 1900 \u00e0 1908 \u00e0 la Sainte Bible polyglotte de Vigouroux -son initiateur aux questions orientales- pour la correction du texte grec et l&#8217;\u00e9tablissement des variantes et diff\u00e9rences du grec, de l&#8217;h\u00e9breu et du latin, qu&#8217;il est, avec Mgr. Graffin, fondateur de la Patrologia Orientalis, dont le premier fascicule du tome I \u00e9tait en cours d&#8217;impression en 1899 et dont le deuxi\u00e8me fascicule du tome XXIII pr\u00e9sente en 1932 son dernier ouvrage, et qu&#8217;il a \u00e9t\u00e9, avec Mgr. Graffin encore, secr\u00e9taire de 1905 \u00e0 1911 et directeur de 1911 \u00e0 1919 de la Revue de l&#8217;Orient chr\u00e9tien. Enfin, l&#8217;abb\u00e9 F. Nau a \u00e9t\u00e9 l&#8217;un des secr\u00e9taires de la section s\u00e9mitique au XIVo Congr\u00e8s international des Orientalistes \u00e0 Alger en 1905 et secr\u00e9taire de la section byzantine au XVo Congr\u00e8s international des Orientalistes \u00e0 Copenhague en 1908.<br \/>\nPlusieurs r\u00e9compenses vinrent reconna\u00eetre les m\u00e9rites de ce travailleur aussi d\u00e9sint\u00e9ress\u00e9 qu&#8217;infatigable. Pour ses diff\u00e9rents travaux, l&#8217;abb\u00e9 F. Nau obtint de l&#8217;Acad\u00e9mie des Sciences le prix Boileau en 1900 et de l&#8217;Acad\u00e9mie des Inscriptions et Belles-Lettres une partie du prix Le F\u00e8vre-Deumier en 1908, le prix Saintour en 1912 et la moiti\u00e9 du prix Bordin en 1916. De plus, il fut nomin\u00e9 chor\u00e9v\u00eaque du Patriarche maronite d&#8217;Antioche et de tout l&#8217;Orient en 1903. Enfin, la section s\u00e9mitique de l&#8217;Acad\u00e9mie des Inscriptions et Belles-Lettres le proposa en 1919-1920 pour une chaire \u00e0 l&#8217;Universit\u00e9 de Strasbourg; mais ses amis r\u00e9ussirent \u00e0 le retenir \u00e0 Paris dans l&#8217;enseignement des math\u00e9matiques. Cependant, le 6 novembre 1927, il fut nomm\u00e9 suppl\u00e9ant de Mayer Lambert, directeur d&#8217;\u00e9tudes des langues h\u00e9bra\u00efque et syriaque \u00e0 l&#8217;\u00c9cole des Hautes \u00c9tudes, et c&#8217;est ainsi que l&#8217;abb\u00e9 F. Nau regarda comme la grande joie de sa vie d&#8217;\u00eatre officiellement charg\u00e9 du cours d&#8217;aram\u00e9en chr\u00e9tien \u00e0 l&#8217;\u00c9cole des Hautes Etudes, de 1927 \u00e0 1931. Pour nous, qui avons eu le bonheur d&#8217;\u00eatre admis dans la familiarit\u00e9 de l&#8217;abb\u00e9 F. Nau, il nous semble avoir rempli un dernier devoir de gratitude envers notre ma\u00eetre, en dressant la longue liste de tous ses travaux qui nous le font regarder \u00e0 juste titre comme l&#8217;un des grands orientalistes de la France au commencement du XXo si\u00e8cle.<\/p>\n<p style=\"text-align: justify;\"><strong>Journal Asiatique Tome CCXXIII. Paris, Imprimerie Nationale, MDCCCCXXXIII<\/strong><\/p>\n<p style=\"text-align: center;\"><strong>Transcripci\u00f3n: Francisco Arriaga. M\u00e9xico, Frontera Norte, 31 agosto 2009.<\/strong><\/p>\n<p style=\"text-align: center;\">\n<p style=\"text-align: justify;\">\n<p style=\"text-align: center;\"><strong>L&#8217;Abb\u00e9 Fran\u00e7ois Nau par Maurice Bri\u00e8re<\/strong><\/p>\n<p>&nbsp;<\/p>\n<p style=\" margin: 12px auto 6px auto; font-family: Helvetica,Arial,Sans-serif; font-style: normal; font-variant: normal; font-weight: normal; font-size: 14px; line-height: normal; font-size-adjust: none; font-stretch: normal; -x-system-font: none; display: block;\">   <a title=\"View Bri\u00e8re - L&#x27;abbe Fran\u00e7ois Nau on Scribd\" href=\"http:\/\/www.scribd.com\/doc\/43943566\/Briere-L-abbe-Francois-Nau\"  style=\"text-decoration: underline;\" >Bri\u00e8re &#8211; L&#x27;abbe Fran\u00e7ois Nau<\/a> by <a title=\"View Patrologia Latina, Graeca et Orientalis's profile on Scribd\" href=\"http:\/\/www.scribd.com\/PLGO\"  style=\"text-decoration: underline;\" >Patrologia Latina, Graeca et Orientalis<\/a><\/p>\n<p><iframe loading=\"lazy\" class=\"scribd_iframe_embed\" src=\"\/\/www.scribd.com\/embeds\/43943566\/content?start_page=1&#038;view_mode=scroll&#038;access_key=key-115ph5xd8d767pk8l202&#038;show_recommendations=true\" data-auto-height=\"false\" data-aspect-ratio=\"0.772727272727273\" scrolling=\"no\" id=\"doc_61141\" width=\"100%\" height=\"600\" frameborder=\"0\"><\/iframe><\/p>\n","protected":false},"excerpt":{"rendered":"L&#8217;abb\u00e9 Fran\u00e7ois-Nicolas Nau, n\u00e9 le 13 mai 1864 \u00e0 Thil (Moselle) et mort le 2 septembre 1931 \u00e0 Paris, a fait ses \u00e9tudes secondaires au petit s\u00e9minaire de Notre-Dame-des-Champs, de 1879 \u00e0 1882, et ses \u00e9tudes th\u00e9ologiques au grand s\u00e9minaire de Saint-Sulpice, de 1882 \u00e0 1887; il obtint les deux&hellip;\n","protected":false},"author":1,"featured_media":0,"parent":618,"menu_order":2,"comment_status":"closed","ping_status":"open","template":"","meta":{"footnotes":""},"class_list":["post-642","page","type-page","status-publish","hentry"],"_links":{"self":[{"href":"http:\/\/plgo.org\/index.php?rest_route=\/wp\/v2\/pages\/642","targetHints":{"allow":["GET"]}}],"collection":[{"href":"http:\/\/plgo.org\/index.php?rest_route=\/wp\/v2\/pages"}],"about":[{"href":"http:\/\/plgo.org\/index.php?rest_route=\/wp\/v2\/types\/page"}],"author":[{"embeddable":true,"href":"http:\/\/plgo.org\/index.php?rest_route=\/wp\/v2\/users\/1"}],"replies":[{"embeddable":true,"href":"http:\/\/plgo.org\/index.php?rest_route=%2Fwp%2Fv2%2Fcomments&post=642"}],"version-history":[{"count":16,"href":"http:\/\/plgo.org\/index.php?rest_route=\/wp\/v2\/pages\/642\/revisions"}],"predecessor-version":[{"id":2441,"href":"http:\/\/plgo.org\/index.php?rest_route=\/wp\/v2\/pages\/642\/revisions\/2441"}],"up":[{"embeddable":true,"href":"http:\/\/plgo.org\/index.php?rest_route=\/wp\/v2\/pages\/618"}],"wp:attachment":[{"href":"http:\/\/plgo.org\/index.php?rest_route=%2Fwp%2Fv2%2Fmedia&parent=642"}],"curies":[{"name":"wp","href":"https:\/\/api.w.org\/{rel}","templated":true}]}}