{"id":705,"date":"2009-09-06T00:33:39","date_gmt":"2009-09-06T07:33:39","guid":{"rendered":"http:\/\/plgo.info\/?page_id=705"},"modified":"2019-04-05T06:24:17","modified_gmt":"2019-04-05T13:24:17","slug":"the-fathers-of-the-church","status":"publish","type":"page","link":"http:\/\/plgo.org\/?page_id=705","title":{"rendered":"Quasten. The &#8216;Fathers&#8217; of the Church."},"content":{"rendered":"<h3>The \u2018Fathers\u2019 of the Church.<\/h3>\n<p style=\"text-align: justify;\">We are accustomed to call the authors of early Christian writings \u2018Fathers of the Church\u2019.\u00a0In ancient times the word \u2018Father\u2019 was applied to a teacher; for in biblical and early Christian usage, teachers are the fathers of their students. Thus, for instance, St. Paul, in his first <em>Letter to the Corinthians<\/em> (4, 15), says: \u2018For although you have ten thousand instructors in Christ, yet you have not many fathers. For in Christ Jesus, through the Gospel, I have begotten you.\u2019 Irenaeus declares (<em>Adv. Haer.<\/em> 4, 41, 2): \u2018For when any person has been taught from the mouth of another he is termed the son of him who instructs him, and the latter is called his father.\u2019 Clement of Alexandria remarks (<em>Strom<\/em>. I, 1,2-2,I): \u2018Words are the progeny of the soul. Hence we call those that instructed us fathers\u2026 and every one who is instructed is in respect of subjection the son of his instructor.\u2019<\/p>\n<p style=\"text-align: justify;\">In Christian antiquity, the teaching office was the bishop\u2019s. Thus the title \u2018Father\u2019 was first applied to him. Doctrinal controversies of the fourth century brought about further development. The use of the term \u2018Father\u2019 became more comprehensive; it was now extended to ecclesiastical writers in so far as they were accepted as representatives of the tradition of the Church. Thus St. Augustine numbers St. Jerome among the witnesses to the traditional doctrine of original sin, although he was not a bishop (<em>Cont. Jul.<\/em> I, 7, 34).<\/p>\n<p style=\"text-align: justify;\">Vincent of Lerins, in his <em>Commonitory<\/em> of 434 applies the term \u2018Father\u2019 to all ecclesiastical writers without distinction of hierarchical grade:<\/p>\n<p style=\"text-align: justify; padding-left: 40px;\">If some new question should arise on which no such decision has been given, they should then have recourse to the opinions of the holy Fathers, of those, at least, who, each in his own time and place, remaining in the unity of communion and the faith, were accepted as approved masters; and whatsoever these may be found to have held, with one mind and one consent, this ought to be accounted the true and catholic doctrine of the Church, without any doubt or scruple (Chapter 41). \u2013 Nothing ought to be believed by posterity save what the sacred antiquity of the holy Fathers consentient in Christ has held (Chapter 43).<\/p>\n<p style=\"text-align: justify;\">This principle of Vincent of Lerins shows the importance already attached to the \u2018proof from the Fathers\u2019.<br \/>\nThe first list of ecclesiastical writers who had been approved or rejected as Fathers is contained in the <em>Decretum Gelasianum de recipiendis et non recipiendis libris<\/em>, which belongs to the sixth century. After mentioning a number of the most important Fathers, the text continues:<\/p>\n<p style=\"text-align: justify; padding-left: 40px;\">Item opuscula atque tractatus omnium patrum orthodoxorum, qui in nullo a sanctae Romanae ecclesiae consortio deviarunt nec ab eius fide vel praedicatione seiuncti sunt, sed ipsius communicationis per gratiam Dei usque in ultimum diem vitae suae fuere participes, legendos decernit (Romana ecclesia).<\/p>\n<p style=\"text-align: justify;\">Today only those are to be regarded as \u2018Fathers of the Church\u2019 who combine these four necessary qualifications: orthodoxy of doctrine, holiness of life, ecclesiastical approval, and antiquity. All other theological writers are known as <em>ecclesiae scriptores<\/em> or <em>scriptores ecclesiastici<\/em>, a term which St. Jerome coined (<em>De viris ill., Prol.<\/em>; <em>Ep.<\/em> 112, 3). The title \u2018Doctor of the Church\u2019 is not identical with \u2018Father of the Church\u2019, because some of those known as Doctors of the Church lack the distinction of \u2018antiquity\u2019, but they have in addition to the three distinctions of <em>doctrina orthodoxa<\/em>, <em>sanctitas vitae<\/em>, and <em>approbatio ecclesiae<\/em>, the two qualifications of <em>eminens eruditio<\/em> and <em>expressa ecclesiae declaratio<\/em>. In the West, Boniface VIII declared (I298) that he wished Ambrose, Jerome, Augustine and Gregory the Great known as <em>egregii doctores ecclesiae<\/em>. These four Fathers are also called \u2018the great Fathers of the Church\u2019. The Greek Church venerates only three \u2018great ecumenical teachers\u2019, Basil the Great, Gregory of Nazianzus, and Chrysostom, while the Roman Church adds St. Athanasius to these three, and thus counts four great Fathers of the East, and four of the West.<\/p>\n<p style=\"text-align: justify;\">Although the Fathers of the Church hold an important position in the history of Hellenistic and Roman literature, their authority in the Catholic Church is based on entirely different grounds. It is the ecclesiastical doctrine of Tradition as a source of faith which makes the writings and opinions of the Fathers so important. The Church regards the <em>unanimis consensus patrum<\/em> as infallible, if it concerns the interpretation of Scripture (Vatic. sess. 3, c. 2). J. H. Cardinal Newman describes well the importance of this <em>consensus<\/em>, and its difference from private opinions of the Fathers, when he says:<\/p>\n<p style=\"text-align: justify; padding-left: 40px;\">I follow the ancient Fathers, not as thinking that on such a subject they have the weight they possess in the instance of doctrines or ordinances. When they speak of doctrines, they speak of them as being universally held. They are witnesses to the fact of these doctrines having been received, not here or there, but everywhere. We receive those doctrines which they thus teach, not merely because they teach them, but because they bear witness that all Christians everywhere then held them. We take them as honest informants, but not as a sufficient authority in themselves, though they are an authority too. If they were to state these very same doctrines, but say, \u2018These are our opinions: we deduced them from Scripture, and they are true,\u2019 we might well doubt about receiving them at their hands. We might fairly say, that we had as much right to deduce from Scripture as they had; that deductions of Scripture were mere opinions; that if our deductions agreed with theirs, that would be a happy coincidence in them; but if they did not, it could not be helped \u2013 we must follow our own light. Doubtless, no man has any right to impose his own deductions upon another, in matters of faith. There is an obvious obligation, indeed, upon the ignorant to submit to those who are better informed; and there is a fitness in the young submitting implicitly for a time to the teaching of their elders; but, beyond this, one man\u2019s opinion is not better than another\u2019s. But this is not the state of the case as regards the primitive Fathers. They do not speak of their <em>own private<\/em> opinion; they do not say, \u2018This is true, <em>because<\/em> we see it in Scripture\u2019 \u2013 about which there might be differences of judgment \u2013 but, \u2018this is true, because in matter of fact it is held, and has ever been held, by all the Churches, down to our times, without interruption, ever since the Apostles\u2019: where the question is merely one of testimony, viz., whether they had the means of knowing that it had been and was so held; for if it was the belief of so many and independent Churches at once, and that, on the ground of its being from the Apostles, doubtless it cannot be but true and Apostolic\u2019 (<em>Discussions and Arguments<\/em> II, I).<\/p>\n<p style=\"text-align: justify;\">MADOZ, EI concepto de la tradici\u00f3n en S. Vincento de Lerins. Madrid, 1923. \u2013 A. DENEFFE, Der Traditionsbegriff. M\u00fcnster, 1931. \u2013 J. RANFT, Der Ursprung des katholischen Traditionsprinzips. W\u00fcrzburg, 1931. \u2013 J. MADOZ, El concilio de Efeso ejemplo de argumentaci\u00f3n patr\u00edstica: EE 10 (1931) 305-338. \u2013 B. STEIDLE, Heilige Vaterschaft: BM 14 (1932) 215ff., 387ff., 454ff. \u2013 B. REYNDERS, Paradosis. Le progr\u00e8s de l\u2019id\u00e9e de tradition jusqu\u2019\u00e0 S. Ir\u00e9n\u00e9e: RTAM 5 (1933) 155-191. \u2013 D. VAN DEN EYNDE, Les normes de l\u2019enseignement chr\u00e9tien dans la litt\u00e9rature patristique des trois premiers si\u00e8cles. Paris, 1933. \u2013 I. BACKES, Der V\u00e4terbeweis in der Dogmatik: ThQ 114 (1933) 208-221. \u2013 J. RANFT, Die Traditionsmethode als \u00e4lteste theologische Methode des Christentums. W\u00fcrzburg, 1934. \u2013 H. DU MANOIR, L\u2019argumentation patristique dans la controverse nestorienne: RSR 25 (1935) 441-461. \u2013 L. D\u00dcRR, Heilige Vaterschaft im antiken Orient: Heilige Ueberlieferung, ed. by O. Casel. M\u00fcnster i. W., 1938, I-20. \u2013 R. FORNI, Problemi della tradizione. Ireneo di Lione. Milan, 1939. \u2013 J. QUASTEN, Tertullian and \u201cTraditio\u201d: Traditio 2 (1944) 481-484. \u2013 A. C. COTTER, Abb\u00e9 Migne and Catholic Tradition: TS 7 (1946) 46-71.<\/p>\n<p style=\"text-align: justify;\"><strong>Johannes Quasten. \u201cThe \u2018Fathers\u2019 of the Church\u201d. In: PATROLOGY, Volume I. <em>The Beginnings of Patristic Literature From the Apostles Creed to Irenaeus<\/em>, Introduction, pp. 9-12. Christian Classics, Allen, Tx. No year available.<\/strong><\/p>\n<p style=\"text-align: justify;\"><strong>[Transc.: Francisco Arriaga. <\/strong><strong>M\u00e9xico, Frontera Norte. 07 de septiembre 2009. Rev. 05 de abril de 2019].<\/strong><\/p>\n<p style=\"text-align: center;\">\n<p style=\" margin: 12px auto 6px auto; font-family: Helvetica,Arial,Sans-serif; font-style: normal; font-variant: normal; font-weight: normal; font-size: 14px; line-height: normal; font-size-adjust: none; font-stretch: normal; -x-system-font: none; display: block;\">   <a title=\"View Quasten - The \u2018Fathers\u2019 of the Church on Scribd\" href=\"https:\/\/www.scribd.com\/document\/405019376\/Quasten-The-Fathers-of-the-Church#from_embed\"  style=\"text-decoration: underline;\" >Quasten &#8211; The \u2018Fathers\u2019 of the Church<\/a> by <a title=\"View Patrologia Latina, Graeca et Orientalis's profile on Scribd\" href=\"https:\/\/www.scribd.com\/publisher\/31832601\/Patrologia-Latina-Graeca-et-Orientalis#from_embed\"  style=\"text-decoration: underline;\" >Patrologia Latina, Graeca et Orientalis<\/a> on Scribd<\/p>\n<p><iframe loading=\"lazy\" class=\"scribd_iframe_embed\" title=\"Quasten - The \u2018Fathers\u2019 of the Church\" src=\"https:\/\/es.scribd.com\/embeds\/405019376\/content?start_page=1&#038;view_mode=scroll&#038;access_key=key-6dR1S4aNehf8vUOmiAkM&#038;show_recommendations=true\" data-auto-height=\"false\" data-aspect-ratio=\"0.75\" scrolling=\"no\" id=\"doc_60706\" width=\"600\" height=\"800\" frameborder=\"0\"><\/iframe><\/p>\n","protected":false},"excerpt":{"rendered":"The \u2018Fathers\u2019 of the Church. We are accustomed to call the authors of early Christian writings \u2018Fathers of the Church\u2019.\u00a0In ancient times the word \u2018Father\u2019 was applied to a teacher; for in biblical and early Christian usage, teachers are the fathers of their students. Thus, for instance, St. Paul, in&hellip;\n","protected":false},"author":2,"featured_media":0,"parent":3575,"menu_order":10,"comment_status":"closed","ping_status":"closed","template":"","meta":{"footnotes":""},"class_list":["post-705","page","type-page","status-publish","hentry"],"_links":{"self":[{"href":"http:\/\/plgo.org\/index.php?rest_route=\/wp\/v2\/pages\/705","targetHints":{"allow":["GET"]}}],"collection":[{"href":"http:\/\/plgo.org\/index.php?rest_route=\/wp\/v2\/pages"}],"about":[{"href":"http:\/\/plgo.org\/index.php?rest_route=\/wp\/v2\/types\/page"}],"author":[{"embeddable":true,"href":"http:\/\/plgo.org\/index.php?rest_route=\/wp\/v2\/users\/2"}],"replies":[{"embeddable":true,"href":"http:\/\/plgo.org\/index.php?rest_route=%2Fwp%2Fv2%2Fcomments&post=705"}],"version-history":[{"count":11,"href":"http:\/\/plgo.org\/index.php?rest_route=\/wp\/v2\/pages\/705\/revisions"}],"predecessor-version":[{"id":3616,"href":"http:\/\/plgo.org\/index.php?rest_route=\/wp\/v2\/pages\/705\/revisions\/3616"}],"up":[{"embeddable":true,"href":"http:\/\/plgo.org\/index.php?rest_route=\/wp\/v2\/pages\/3575"}],"wp:attachment":[{"href":"http:\/\/plgo.org\/index.php?rest_route=%2Fwp%2Fv2%2Fmedia&parent=705"}],"curies":[{"name":"wp","href":"https:\/\/api.w.org\/{rel}","templated":true}]}}